{"id":4452,"date":"2025-02-12T14:05:31","date_gmt":"2025-02-12T14:05:31","guid":{"rendered":"https:\/\/wildmaa.com\/?post_type=product&#038;p=4452"},"modified":"2025-10-15T14:51:46","modified_gmt":"2025-10-15T13:51:46","slug":"wildmaa-one","status":"publish","type":"product","link":"https:\/\/wildmaa.com\/de\/shop\/rashguards\/wildmaa-one\/","title":{"rendered":"Wildmaa One Rashguard"},"content":{"rendered":"<p>Der Wildmaa-Rashguard mit langen \u00c4rmeln besticht durch seine angenehme Kompression und edles Design.<\/p>\n<p>Produkt-Highlights:<\/p>\n<ul>\n<li>Elegantes Design mit hochwertigem Logo-Gummidruck auf Vorder- und R\u00fcckseite<\/li>\n<li>Hergestellt in Europa aus 100 % recyceltem Polyester<\/li>\n<li>Drybalance-Technologie sorgt f\u00fcr k\u00fchle und trockene Haut<\/li>\n<li>Kompressionssystem optimiert die Leistung und verk\u00fcrzt die Regenerationszeit<\/li>\n<li>Optimierte L\u00e4nge verhindert ein Verrutschen des Rashguards w\u00e4hrend der Aktivit\u00e4t<\/li>\n<\/ul>\n","protected":false},"excerpt":{"rendered":"<p>Der Wildmaa-Rashguard mit langen \u00c4rmeln besticht durch seine angenehme Kompression und edles Design. Das Kompressionssystem hilft, die Leistung zu optimieren und gleichzeitig die Erholungszeit zu verk\u00fcrzen.<\/p>\n","protected":false},"featured_media":4732,"comment_status":"open","ping_status":"closed","template":"","meta":[],"product_brand":[],"product_cat":[19],"product_tag":[],"class_list":{"0":"post-4452","1":"product","2":"type-product","3":"status-publish","4":"has-post-thumbnail","6":"product_cat-rashguards","7":"sales-flash-overlay","8":"woocommerce-text-align-center","9":"woocommerce-image-align-center","10":"do-quantity-buttons","11":"wc-has-gallery","13":"first","14":"instock","15":"taxable","16":"shipping-taxable","17":"purchasable","18":"product-type-variable","19":"has-default-attributes"},"yoast_head":"<!-- This site is optimized with the Yoast SEO plugin v24.5 - https:\/\/yoast.com\/wordpress\/plugins\/seo\/ -->\n<title>Wildmaa One Rashguard Rashguard<\/title>\n<meta name=\"description\" content=\"Mit unserem ersten Rashguard kann die Action sofort losgehen! Super bequem, mit Kompression und einem tollen Design (und aus recycelten Materialien).\" \/>\n<meta name=\"robots\" content=\"index, follow, max-snippet:-1, max-image-preview:large, max-video-preview:-1\" \/>\n<link rel=\"canonical\" href=\"https:\/\/wildmaa.com\/de\/shop\/rashguards\/wildmaa-one\/\" \/>\n<meta property=\"og:locale\" content=\"de_DE\" \/>\n<meta property=\"og:type\" content=\"article\" \/>\n<meta property=\"og:title\" content=\"Wildmaa One Rashguard Rashguard\" \/>\n<meta property=\"og:description\" content=\"Mit unserem ersten Rashguard kann die Action sofort losgehen! Super bequem, mit Kompression und einem tollen Design (und aus recycelten Materialien).\" \/>\n<meta property=\"og:url\" content=\"https:\/\/wildmaa.com\/de\/shop\/rashguards\/wildmaa-one\/\" \/>\n<meta property=\"og:site_name\" content=\"Wildmaa DE\" \/>\n<meta property=\"article:modified_time\" content=\"2025-10-15T13:51:46+00:00\" \/>\n<meta property=\"og:image\" content=\"https:\/\/wildmaa.com\/de\/wp-content\/uploads\/sites\/2\/2025\/02\/Wildmaa-Catalogue-6-819x1024.png\" \/>\n\t<meta property=\"og:image:width\" content=\"819\" \/>\n\t<meta property=\"og:image:height\" content=\"1024\" \/>\n\t<meta property=\"og:image:type\" content=\"image\/png\" \/>\n<meta name=\"twitter:card\" content=\"summary_large_image\" \/>\n<meta name=\"twitter:label1\" content=\"Gesch\u00e4tzte Lesezeit\" \/>\n\t<meta name=\"twitter:data1\" content=\"1\u00a0Minute\" \/>\n<script type=\"application\/ld+json\" class=\"yoast-schema-graph\">{\"@context\":\"https:\/\/schema.org\",\"@graph\":[{\"@type\":\"WebPage\",\"@id\":\"https:\/\/wildmaa.com\/de\/shop\/rashguards\/wildmaa-one\/\",\"url\":\"https:\/\/wildmaa.com\/de\/shop\/rashguards\/wildmaa-one\/\",\"name\":\"Wildmaa One Rashguard Rashguard\",\"isPartOf\":{\"@id\":\"https:\/\/wildmaa.com\/de\/#website\"},\"primaryImageOfPage\":{\"@id\":\"https:\/\/wildmaa.com\/de\/shop\/rashguards\/wildmaa-one\/#primaryimage\"},\"image\":{\"@id\":\"https:\/\/wildmaa.com\/de\/shop\/rashguards\/wildmaa-one\/#primaryimage\"},\"thumbnailUrl\":\"https:\/\/wildmaa.com\/de\/wp-content\/uploads\/sites\/2\/2025\/02\/Wildmaa-Catalogue-6.png\",\"datePublished\":\"2025-02-12T14:05:31+00:00\",\"dateModified\":\"2025-10-15T13:51:46+00:00\",\"description\":\"Mit unserem ersten Rashguard kann die Action sofort losgehen! Super bequem, mit Kompression und einem tollen Design (und aus recycelten Materialien).\",\"breadcrumb\":{\"@id\":\"https:\/\/wildmaa.com\/de\/shop\/rashguards\/wildmaa-one\/#breadcrumb\"},\"inLanguage\":\"de\",\"potentialAction\":[{\"@type\":\"ReadAction\",\"target\":[\"https:\/\/wildmaa.com\/de\/shop\/rashguards\/wildmaa-one\/\"]}]},{\"@type\":\"ImageObject\",\"inLanguage\":\"de\",\"@id\":\"https:\/\/wildmaa.com\/de\/shop\/rashguards\/wildmaa-one\/#primaryimage\",\"url\":\"https:\/\/wildmaa.com\/de\/wp-content\/uploads\/sites\/2\/2025\/02\/Wildmaa-Catalogue-6.png\",\"contentUrl\":\"https:\/\/wildmaa.com\/de\/wp-content\/uploads\/sites\/2\/2025\/02\/Wildmaa-Catalogue-6.png\",\"width\":2000,\"height\":2500},{\"@type\":\"BreadcrumbList\",\"@id\":\"https:\/\/wildmaa.com\/de\/shop\/rashguards\/wildmaa-one\/#breadcrumb\",\"itemListElement\":[{\"@type\":\"ListItem\",\"position\":1,\"name\":\"Home\",\"item\":\"https:\/\/wildmaa.com\/de\/\"},{\"@type\":\"ListItem\",\"position\":2,\"name\":\"Shop\",\"item\":\"https:\/\/wildmaa.com\/de\/shop\/\"},{\"@type\":\"ListItem\",\"position\":3,\"name\":\"Wildmaa One Rashguard\"}]},{\"@type\":\"WebSite\",\"@id\":\"https:\/\/wildmaa.com\/de\/#website\",\"url\":\"https:\/\/wildmaa.com\/de\/\",\"name\":\"Wildmaa DE\",\"description\":\"Rashguards mit Haltung\",\"publisher\":{\"@id\":\"https:\/\/wildmaa.com\/de\/#organization\"},\"potentialAction\":[{\"@type\":\"SearchAction\",\"target\":{\"@type\":\"EntryPoint\",\"urlTemplate\":\"https:\/\/wildmaa.com\/de\/?s={search_term_string}\"},\"query-input\":{\"@type\":\"PropertyValueSpecification\",\"valueRequired\":true,\"valueName\":\"search_term_string\"}}],\"inLanguage\":\"de\"},{\"@type\":\"Organization\",\"@id\":\"https:\/\/wildmaa.com\/de\/#organization\",\"name\":\"Wildmaa DE\",\"url\":\"https:\/\/wildmaa.com\/de\/\",\"logo\":{\"@type\":\"ImageObject\",\"inLanguage\":\"de\",\"@id\":\"https:\/\/wildmaa.com\/de\/#\/schema\/logo\/image\/\",\"url\":\"https:\/\/wildmaa.com\/de\/wp-content\/uploads\/sites\/2\/2025\/02\/wildmaa_logo_icon_and_name.png\",\"contentUrl\":\"https:\/\/wildmaa.com\/de\/wp-content\/uploads\/sites\/2\/2025\/02\/wildmaa_logo_icon_and_name.png\",\"width\":5786,\"height\":1512,\"caption\":\"Wildmaa DE\"},\"image\":{\"@id\":\"https:\/\/wildmaa.com\/de\/#\/schema\/logo\/image\/\"}}]}<\/script>\n<!-- \/ Yoast SEO plugin. -->","yoast_head_json":{"title":"Wildmaa One Rashguard Rashguard","description":"Mit unserem ersten Rashguard kann die Action sofort losgehen! Super bequem, mit Kompression und einem tollen Design (und aus recycelten Materialien).","robots":{"index":"index","follow":"follow","max-snippet":"max-snippet:-1","max-image-preview":"max-image-preview:large","max-video-preview":"max-video-preview:-1"},"canonical":"https:\/\/wildmaa.com\/de\/shop\/rashguards\/wildmaa-one\/","og_locale":"de_DE","og_type":"article","og_title":"Wildmaa One Rashguard Rashguard","og_description":"Mit unserem ersten Rashguard kann die Action sofort losgehen! Super bequem, mit Kompression und einem tollen Design (und aus recycelten Materialien).","og_url":"https:\/\/wildmaa.com\/de\/shop\/rashguards\/wildmaa-one\/","og_site_name":"Wildmaa DE","article_modified_time":"2025-10-15T13:51:46+00:00","og_image":[{"width":819,"height":1024,"url":"https:\/\/wildmaa.com\/de\/wp-content\/uploads\/sites\/2\/2025\/02\/Wildmaa-Catalogue-6-819x1024.png","type":"image\/png"}],"twitter_card":"summary_large_image","twitter_misc":{"Gesch\u00e4tzte Lesezeit":"1\u00a0Minute"},"schema":{"@context":"https:\/\/schema.org","@graph":[{"@type":"WebPage","@id":"https:\/\/wildmaa.com\/de\/shop\/rashguards\/wildmaa-one\/","url":"https:\/\/wildmaa.com\/de\/shop\/rashguards\/wildmaa-one\/","name":"Wildmaa One Rashguard Rashguard","isPartOf":{"@id":"https:\/\/wildmaa.com\/de\/#website"},"primaryImageOfPage":{"@id":"https:\/\/wildmaa.com\/de\/shop\/rashguards\/wildmaa-one\/#primaryimage"},"image":{"@id":"https:\/\/wildmaa.com\/de\/shop\/rashguards\/wildmaa-one\/#primaryimage"},"thumbnailUrl":"https:\/\/wildmaa.com\/de\/wp-content\/uploads\/sites\/2\/2025\/02\/Wildmaa-Catalogue-6.png","datePublished":"2025-02-12T14:05:31+00:00","dateModified":"2025-10-15T13:51:46+00:00","description":"Mit unserem ersten Rashguard kann die Action sofort losgehen! Super bequem, mit Kompression und einem tollen Design (und aus recycelten Materialien).","breadcrumb":{"@id":"https:\/\/wildmaa.com\/de\/shop\/rashguards\/wildmaa-one\/#breadcrumb"},"inLanguage":"de","potentialAction":[{"@type":"ReadAction","target":["https:\/\/wildmaa.com\/de\/shop\/rashguards\/wildmaa-one\/"]}]},{"@type":"ImageObject","inLanguage":"de","@id":"https:\/\/wildmaa.com\/de\/shop\/rashguards\/wildmaa-one\/#primaryimage","url":"https:\/\/wildmaa.com\/de\/wp-content\/uploads\/sites\/2\/2025\/02\/Wildmaa-Catalogue-6.png","contentUrl":"https:\/\/wildmaa.com\/de\/wp-content\/uploads\/sites\/2\/2025\/02\/Wildmaa-Catalogue-6.png","width":2000,"height":2500},{"@type":"BreadcrumbList","@id":"https:\/\/wildmaa.com\/de\/shop\/rashguards\/wildmaa-one\/#breadcrumb","itemListElement":[{"@type":"ListItem","position":1,"name":"Home","item":"https:\/\/wildmaa.com\/de\/"},{"@type":"ListItem","position":2,"name":"Shop","item":"https:\/\/wildmaa.com\/de\/shop\/"},{"@type":"ListItem","position":3,"name":"Wildmaa One Rashguard"}]},{"@type":"WebSite","@id":"https:\/\/wildmaa.com\/de\/#website","url":"https:\/\/wildmaa.com\/de\/","name":"Wildmaa DE","description":"Rashguards mit Haltung","publisher":{"@id":"https:\/\/wildmaa.com\/de\/#organization"},"potentialAction":[{"@type":"SearchAction","target":{"@type":"EntryPoint","urlTemplate":"https:\/\/wildmaa.com\/de\/?s={search_term_string}"},"query-input":{"@type":"PropertyValueSpecification","valueRequired":true,"valueName":"search_term_string"}}],"inLanguage":"de"},{"@type":"Organization","@id":"https:\/\/wildmaa.com\/de\/#organization","name":"Wildmaa DE","url":"https:\/\/wildmaa.com\/de\/","logo":{"@type":"ImageObject","inLanguage":"de","@id":"https:\/\/wildmaa.com\/de\/#\/schema\/logo\/image\/","url":"https:\/\/wildmaa.com\/de\/wp-content\/uploads\/sites\/2\/2025\/02\/wildmaa_logo_icon_and_name.png","contentUrl":"https:\/\/wildmaa.com\/de\/wp-content\/uploads\/sites\/2\/2025\/02\/wildmaa_logo_icon_and_name.png","width":5786,"height":1512,"caption":"Wildmaa DE"},"image":{"@id":"https:\/\/wildmaa.com\/de\/#\/schema\/logo\/image\/"}}]}},"_links":{"self":[{"href":"https:\/\/wildmaa.com\/de\/wp-json\/wp\/v2\/product\/4452","targetHints":{"allow":["GET"]}}],"collection":[{"href":"https:\/\/wildmaa.com\/de\/wp-json\/wp\/v2\/product"}],"about":[{"href":"https:\/\/wildmaa.com\/de\/wp-json\/wp\/v2\/types\/product"}],"replies":[{"embeddable":true,"href":"https:\/\/wildmaa.com\/de\/wp-json\/wp\/v2\/comments?post=4452"}],"wp:featuredmedia":[{"embeddable":true,"href":"https:\/\/wildmaa.com\/de\/wp-json\/wp\/v2\/media\/4732"}],"wp:attachment":[{"href":"https:\/\/wildmaa.com\/de\/wp-json\/wp\/v2\/media?parent=4452"}],"wp:term":[{"taxonomy":"product_brand","embeddable":true,"href":"https:\/\/wildmaa.com\/de\/wp-json\/wp\/v2\/product_brand?post=4452"},{"taxonomy":"product_cat","embeddable":true,"href":"https:\/\/wildmaa.com\/de\/wp-json\/wp\/v2\/product_cat?post=4452"},{"taxonomy":"product_tag","embeddable":true,"href":"https:\/\/wildmaa.com\/de\/wp-json\/wp\/v2\/product_tag?post=4452"}],"curies":[{"name":"wp","href":"https:\/\/api.w.org\/{rel}","templated":true}]}}