{"id":4595,"date":"2025-02-21T13:56:44","date_gmt":"2025-02-21T13:56:44","guid":{"rendered":"https:\/\/wildmaa.com\/de\/widerrufsbelehrung\/"},"modified":"2025-09-20T14:25:20","modified_gmt":"2025-09-20T13:25:20","slug":"widerruf","status":"publish","type":"page","link":"https:\/\/wildmaa.com\/de\/widerruf\/","title":{"rendered":"Widerrufsbelehrung"},"content":{"rendered":"<div class=\"gb-container gb-container-10edc513\">\n<div class=\"gb-container gb-container-9773aea4\">\n<h2 class=\"wp-block-heading\"><strong>R\u00fcckgabe und Widerruf<\/strong><\/h2>\n\n<p>Wir m\u00f6chten, dass Sie mit Ihrer Bestellung zufrieden sind. Deshalb bieten wir Ihnen \u2013 freiwillig und \u00fcber die gesetzliche Pflicht hinaus \u2013 die M\u00f6glichkeit, Ihre Bestellung innerhalb von&nbsp;<strong>14 Tagen<\/strong>&nbsp;nach Erhalt der Ware zu widerrufen.<\/p>\n\n<h2 class=\"wp-block-heading\"><strong>Bedingungen f\u00fcr R\u00fcckgabe und Widerruf<\/strong><\/h2>\n\n<ul class=\"wp-block-list\"><li>Die Ware muss&nbsp;<strong>ungetragen<\/strong>,&nbsp;<strong>ungewaschen<\/strong>&nbsp;und&nbsp;<strong>in der Originalverpackung<\/strong>&nbsp;sein.<\/li>\n\n<li>Artikel mit sichtbaren Gebrauchsspuren oder ohne Etikett k\u00f6nnen&nbsp;<strong>nicht zur\u00fcckgenommen<\/strong>&nbsp;werden.<\/li>\n\n<li>Die R\u00fccksendekosten sind vom Kunden zu tragen.<\/li><\/ul>\n\n<h2 class=\"wp-block-heading\"><strong>Ablauf der R\u00fcckgabe<\/strong><\/h2>\n\n<p>Bitte kontaktieren Sie uns innerhalb von 14 Tagen nach Erhalt der Ware unter:<\/p>\n\n<p><strong>info [at] wildmaa.com<\/strong><\/p>\n\n<p>Geben Sie kurz an, welchen Artikel Sie zur\u00fcckgeben m\u00f6chten und (wenn m\u00f6glich) den Grund.<\/p>\n\n<p>Nach Pr\u00fcfung Ihrer Anfrage senden wir Ihnen die R\u00fccksendeadresse zu. Sobald die Ware bei uns eingegangen und gepr\u00fcft ist, erstatten wir den Kaufbetrag \u00fcber die urspr\u00fcngliche Zahlungsmethode.<\/p>\n\n<blockquote class=\"wp-block-quote is-layout-flow wp-block-quote-is-layout-flow\"><p><strong>Hinweis:<\/strong>&nbsp;In der Schweiz besteht&nbsp;<strong>kein gesetzlich vorgeschriebenes Widerrufsrecht<\/strong>&nbsp;bei Online-Bestellungen. Wir gew\u00e4hren dieses R\u00fcckgaberecht aber aus Kulanz.<\/p><\/blockquote>\n<\/div>\n<\/div>","protected":false},"excerpt":{"rendered":"<p>R\u00fcckgabe und Widerruf Wir m\u00f6chten, dass Sie mit Ihrer Bestellung zufrieden sind. Deshalb bieten wir Ihnen \u2013 freiwillig und \u00fcber die gesetzliche Pflicht hinaus \u2013 die M\u00f6glichkeit, Ihre Bestellung innerhalb von&nbsp;14 Tagen&nbsp;nach Erhalt der Ware zu widerrufen. Bedingungen f\u00fcr R\u00fcckgabe und Widerruf Ablauf der R\u00fcckgabe Bitte kontaktieren Sie uns innerhalb von 14 Tagen nach Erhalt &#8230; <a title=\"Widerrufsbelehrung\" class=\"read-more\" href=\"https:\/\/wildmaa.com\/de\/widerruf\/\" aria-label=\"Mehr Informationen \u00fcber Widerrufsbelehrung\">Weiterlesen<\/a><\/p>\n","protected":false},"author":1,"featured_media":0,"parent":0,"menu_order":0,"comment_status":"closed","ping_status":"closed","template":"","meta":{"footnotes":""},"class_list":["post-4595","page","type-page","status-publish"],"yoast_head":"<!-- This site is optimized with the Yoast SEO plugin v24.5 - https:\/\/yoast.com\/wordpress\/plugins\/seo\/ -->\n<title>Widerrufsbelehrung - Wildmaa DE<\/title>\n<meta name=\"robots\" content=\"index, follow, max-snippet:-1, max-image-preview:large, max-video-preview:-1\" \/>\n<link rel=\"canonical\" href=\"https:\/\/wildmaa.com\/de\/widerruf\/\" \/>\n<meta property=\"og:locale\" content=\"de_DE\" \/>\n<meta property=\"og:type\" content=\"article\" \/>\n<meta property=\"og:title\" content=\"Widerrufsbelehrung - Wildmaa DE\" \/>\n<meta property=\"og:description\" content=\"R\u00fcckgabe und Widerruf Wir m\u00f6chten, dass Sie mit Ihrer Bestellung zufrieden sind. Deshalb bieten wir Ihnen \u2013 freiwillig und \u00fcber die gesetzliche Pflicht hinaus \u2013 die M\u00f6glichkeit, Ihre Bestellung innerhalb von&nbsp;14 Tagen&nbsp;nach Erhalt der Ware zu widerrufen. Bedingungen f\u00fcr R\u00fcckgabe und Widerruf Ablauf der R\u00fcckgabe Bitte kontaktieren Sie uns innerhalb von 14 Tagen nach Erhalt ... Weiterlesen\" \/>\n<meta property=\"og:url\" content=\"https:\/\/wildmaa.com\/de\/widerruf\/\" \/>\n<meta property=\"og:site_name\" content=\"Wildmaa DE\" \/>\n<meta property=\"article:modified_time\" content=\"2025-09-20T13:25:20+00:00\" \/>\n<meta name=\"twitter:card\" content=\"summary_large_image\" \/>\n<meta name=\"twitter:label1\" content=\"Gesch\u00e4tzte Lesezeit\" \/>\n\t<meta name=\"twitter:data1\" content=\"1\u00a0Minute\" \/>\n<script type=\"application\/ld+json\" class=\"yoast-schema-graph\">{\"@context\":\"https:\/\/schema.org\",\"@graph\":[{\"@type\":\"WebPage\",\"@id\":\"https:\/\/wildmaa.com\/de\/widerruf\/\",\"url\":\"https:\/\/wildmaa.com\/de\/widerruf\/\",\"name\":\"Widerrufsbelehrung - Wildmaa DE\",\"isPartOf\":{\"@id\":\"https:\/\/wildmaa.com\/de\/#website\"},\"datePublished\":\"2025-02-21T13:56:44+00:00\",\"dateModified\":\"2025-09-20T13:25:20+00:00\",\"breadcrumb\":{\"@id\":\"https:\/\/wildmaa.com\/de\/widerruf\/#breadcrumb\"},\"inLanguage\":\"de\",\"potentialAction\":[{\"@type\":\"ReadAction\",\"target\":[\"https:\/\/wildmaa.com\/de\/widerruf\/\"]}]},{\"@type\":\"BreadcrumbList\",\"@id\":\"https:\/\/wildmaa.com\/de\/widerruf\/#breadcrumb\",\"itemListElement\":[{\"@type\":\"ListItem\",\"position\":1,\"name\":\"Home\",\"item\":\"https:\/\/wildmaa.com\/de\/\"},{\"@type\":\"ListItem\",\"position\":2,\"name\":\"Widerrufsbelehrung\"}]},{\"@type\":\"WebSite\",\"@id\":\"https:\/\/wildmaa.com\/de\/#website\",\"url\":\"https:\/\/wildmaa.com\/de\/\",\"name\":\"Wildmaa DE\",\"description\":\"Rashguards mit Haltung\",\"publisher\":{\"@id\":\"https:\/\/wildmaa.com\/de\/#organization\"},\"potentialAction\":[{\"@type\":\"SearchAction\",\"target\":{\"@type\":\"EntryPoint\",\"urlTemplate\":\"https:\/\/wildmaa.com\/de\/?s={search_term_string}\"},\"query-input\":{\"@type\":\"PropertyValueSpecification\",\"valueRequired\":true,\"valueName\":\"search_term_string\"}}],\"inLanguage\":\"de\"},{\"@type\":\"Organization\",\"@id\":\"https:\/\/wildmaa.com\/de\/#organization\",\"name\":\"Wildmaa DE\",\"url\":\"https:\/\/wildmaa.com\/de\/\",\"logo\":{\"@type\":\"ImageObject\",\"inLanguage\":\"de\",\"@id\":\"https:\/\/wildmaa.com\/de\/#\/schema\/logo\/image\/\",\"url\":\"https:\/\/wildmaa.com\/de\/wp-content\/uploads\/sites\/2\/2025\/02\/wildmaa_logo_icon_and_name.png\",\"contentUrl\":\"https:\/\/wildmaa.com\/de\/wp-content\/uploads\/sites\/2\/2025\/02\/wildmaa_logo_icon_and_name.png\",\"width\":5786,\"height\":1512,\"caption\":\"Wildmaa DE\"},\"image\":{\"@id\":\"https:\/\/wildmaa.com\/de\/#\/schema\/logo\/image\/\"}}]}<\/script>\n<!-- \/ Yoast SEO plugin. -->","yoast_head_json":{"title":"Widerrufsbelehrung - Wildmaa DE","robots":{"index":"index","follow":"follow","max-snippet":"max-snippet:-1","max-image-preview":"max-image-preview:large","max-video-preview":"max-video-preview:-1"},"canonical":"https:\/\/wildmaa.com\/de\/widerruf\/","og_locale":"de_DE","og_type":"article","og_title":"Widerrufsbelehrung - Wildmaa DE","og_description":"R\u00fcckgabe und Widerruf Wir m\u00f6chten, dass Sie mit Ihrer Bestellung zufrieden sind. Deshalb bieten wir Ihnen \u2013 freiwillig und \u00fcber die gesetzliche Pflicht hinaus \u2013 die M\u00f6glichkeit, Ihre Bestellung innerhalb von&nbsp;14 Tagen&nbsp;nach Erhalt der Ware zu widerrufen. Bedingungen f\u00fcr R\u00fcckgabe und Widerruf Ablauf der R\u00fcckgabe Bitte kontaktieren Sie uns innerhalb von 14 Tagen nach Erhalt ... Weiterlesen","og_url":"https:\/\/wildmaa.com\/de\/widerruf\/","og_site_name":"Wildmaa DE","article_modified_time":"2025-09-20T13:25:20+00:00","twitter_card":"summary_large_image","twitter_misc":{"Gesch\u00e4tzte Lesezeit":"1\u00a0Minute"},"schema":{"@context":"https:\/\/schema.org","@graph":[{"@type":"WebPage","@id":"https:\/\/wildmaa.com\/de\/widerruf\/","url":"https:\/\/wildmaa.com\/de\/widerruf\/","name":"Widerrufsbelehrung - Wildmaa DE","isPartOf":{"@id":"https:\/\/wildmaa.com\/de\/#website"},"datePublished":"2025-02-21T13:56:44+00:00","dateModified":"2025-09-20T13:25:20+00:00","breadcrumb":{"@id":"https:\/\/wildmaa.com\/de\/widerruf\/#breadcrumb"},"inLanguage":"de","potentialAction":[{"@type":"ReadAction","target":["https:\/\/wildmaa.com\/de\/widerruf\/"]}]},{"@type":"BreadcrumbList","@id":"https:\/\/wildmaa.com\/de\/widerruf\/#breadcrumb","itemListElement":[{"@type":"ListItem","position":1,"name":"Home","item":"https:\/\/wildmaa.com\/de\/"},{"@type":"ListItem","position":2,"name":"Widerrufsbelehrung"}]},{"@type":"WebSite","@id":"https:\/\/wildmaa.com\/de\/#website","url":"https:\/\/wildmaa.com\/de\/","name":"Wildmaa DE","description":"Rashguards mit Haltung","publisher":{"@id":"https:\/\/wildmaa.com\/de\/#organization"},"potentialAction":[{"@type":"SearchAction","target":{"@type":"EntryPoint","urlTemplate":"https:\/\/wildmaa.com\/de\/?s={search_term_string}"},"query-input":{"@type":"PropertyValueSpecification","valueRequired":true,"valueName":"search_term_string"}}],"inLanguage":"de"},{"@type":"Organization","@id":"https:\/\/wildmaa.com\/de\/#organization","name":"Wildmaa DE","url":"https:\/\/wildmaa.com\/de\/","logo":{"@type":"ImageObject","inLanguage":"de","@id":"https:\/\/wildmaa.com\/de\/#\/schema\/logo\/image\/","url":"https:\/\/wildmaa.com\/de\/wp-content\/uploads\/sites\/2\/2025\/02\/wildmaa_logo_icon_and_name.png","contentUrl":"https:\/\/wildmaa.com\/de\/wp-content\/uploads\/sites\/2\/2025\/02\/wildmaa_logo_icon_and_name.png","width":5786,"height":1512,"caption":"Wildmaa DE"},"image":{"@id":"https:\/\/wildmaa.com\/de\/#\/schema\/logo\/image\/"}}]}},"_links":{"self":[{"href":"https:\/\/wildmaa.com\/de\/wp-json\/wp\/v2\/pages\/4595","targetHints":{"allow":["GET"]}}],"collection":[{"href":"https:\/\/wildmaa.com\/de\/wp-json\/wp\/v2\/pages"}],"about":[{"href":"https:\/\/wildmaa.com\/de\/wp-json\/wp\/v2\/types\/page"}],"author":[{"embeddable":true,"href":"https:\/\/wildmaa.com\/de\/wp-json\/wp\/v2\/users\/1"}],"replies":[{"embeddable":true,"href":"https:\/\/wildmaa.com\/de\/wp-json\/wp\/v2\/comments?post=4595"}],"version-history":[{"count":2,"href":"https:\/\/wildmaa.com\/de\/wp-json\/wp\/v2\/pages\/4595\/revisions"}],"predecessor-version":[{"id":4780,"href":"https:\/\/wildmaa.com\/de\/wp-json\/wp\/v2\/pages\/4595\/revisions\/4780"}],"wp:attachment":[{"href":"https:\/\/wildmaa.com\/de\/wp-json\/wp\/v2\/media?parent=4595"}],"curies":[{"name":"wp","href":"https:\/\/api.w.org\/{rel}","templated":true}]}}