{"id":4463,"date":"2025-02-12T14:28:15","date_gmt":"2025-02-12T14:28:15","guid":{"rendered":"https:\/\/wildmaa.com\/?page_id=4463"},"modified":"2025-09-20T13:33:16","modified_gmt":"2025-09-20T12:33:16","slug":"ueber-uns","status":"publish","type":"page","link":"https:\/\/wildmaa.com\/de\/ueber-uns\/","title":{"rendered":"\u00dcber uns"},"content":{"rendered":"<div class=\"gb-container gb-container-aa8d71aa\">\n<div class=\"gb-container gb-container-280debd2\">\n<h1 class=\"gb-headline gb-headline-5b5f0255 gb-headline-text\">Wildmaa: Wer wir sind<\/h1>\n\n<div class=\"gb-container gb-container-66659d2d\">\n<p>Bei Wildmaa verkaufen wir nicht einfach nur einen Rashguard: Wir bauen eine Community von Gleichgesinnten auf. Wenn Sie sich f\u00fcr unsere Rashguards entscheiden, kaufen Sie nicht einfach nur ein Produkt, Sie treten einer Community bei, die Ihre Werte teilt.<\/p>\n<\/div>\n<\/div>\n<\/div><div class=\"gb-container gb-container-d24d09ae\">\n<p class=\"gb-headline gb-headline-afc3ced3 gb-headline-text\">Sind Sie ein engagierter Kampfsportler oder ein aktiver Enthusiast, der seine Grenzen erweitern m\u00f6chte? Bei Wildmaa verstehen wir, dass Ihr Weg von mehr als nur k\u00f6rperlicher St\u00e4rke angetrieben wird. <\/p>\n\n<p class=\"gb-headline gb-headline-76673eae gb-headline-text\">Unsere Rashguards sind so konzipiert, dass sie mit den Grundwerten \u00fcbereinstimmen, die Ihre Denkweise definieren, Ihre Leistung steigern und sich nahtlos in Ihren Lebensstil integrieren.<\/p>\n\n<div class=\"gb-container gb-container-dcedb480\">\n<div class=\"gb-container gb-container-9fecd944\">\n<blockquote class=\"wp-block-quote is-layout-flow wp-block-quote-is-layout-flow\"><h4 class=\"gb-headline gb-headline-b80c81a9 gb-headline-text\">Werte sind unser innerer Kompass und leiten uns bei allen wichtigen Entscheidungen.<\/h4><\/blockquote>\n<\/div>\n<\/div>\n\n<h2 class=\"gb-headline gb-headline-a77110e4 gb-headline-text\">Unsere Werte<\/h2>\n\n<h3 class=\"gb-headline gb-headline-1e007d3c gb-headline-text\">Best\u00e4ndigkeit<\/h3>\n\n<p>Ihr Engagement f\u00fcr Training und Selbstverbesserung verdient Ausr\u00fcstung, die Schritt h\u00e4lt. Unsere Rashguards werden aus hochwertigen, 100 % recycelten Materialien hergestellt, die Haltbarkeit und Komfort bieten und sicherstellen, dass Sie Ihren Fokus und Ihre Routine ohne Ablenkungen aufrechterhalten k\u00f6nnen. Erleben Sie die Disziplin der Exzellenz mit jedem Tragen.<br><\/p>\n\n<h3 class=\"gb-headline gb-headline-c07c8d63 gb-headline-text\">Respekt <\/h3>\n\n<p>Ist das Herzst\u00fcck der Kampfk\u00fcnste und aller disziplinierten Aktivit\u00e4ten. Respekt gegen\u00fcber Ihren Trainingspartnern, dem Trainer\/Sensei und dem Dojo (dem Ort, an dem Sie trainieren) ist der Schl\u00fcssel, um Fortschritte zu erzielen und das Training in einer guten und entspannten Atmosph\u00e4re zu genie\u00dfen. Seien Sie ein Champion auf und neben der Matte. Kampfsport ist eine Lebensphilosophie, die Sie \u00fcberallhin mitnehmen! Unsere Rashguards verk\u00f6rpern diesen Wert, indem sie \u00fcberlegenes Design und Handwerkskunst bieten, die Ihr Engagement f\u00fcr Ihre Praxis w\u00fcrdigen. Treten Sie einer Community bei, die gegenseitigen Respekt und Qualit\u00e4t in jeder Hinsicht sch\u00e4tzt.<br><\/p>\n\n<h3 class=\"gb-headline gb-headline-83235dfc gb-headline-text\">Ausdauer<\/h3>\n\n<p>Wir wissen, dass Ausdauer der Schl\u00fcssel zum \u00dcberwinden von Herausforderungen ist, ob auf der Matte oder im Leben. Unsere Rashguards sind so konstruiert, dass sie den Strapazen intensiven Trainings standhalten und die Belastbarkeit bieten, die Sie brauchen, um Ihre Grenzen zu \u00fcberschreiten und Ihre Ziele zu erreichen. Bleiben Sie motiviert, bleiben Sie unerbittlich.<br><\/p>\n\n<h3 class=\"gb-headline gb-headline-2a4abd2e gb-headline-text\">Anpassungsf\u00e4higkeit<\/h3>\n\n<p>Sowohl im Kampfsport als auch im Leben ist Anpassungsf\u00e4higkeit entscheidend. Unsere Rashguards bieten vielseitige Leistung, geeignet f\u00fcr verschiedene Aktivit\u00e4ten und Umgebungen. Egal, ob Sie auf der Matte, im Fitnessstudio oder im Freien sind, unsere Ausr\u00fcstung passt sich Ihren Bed\u00fcrfnissen an und sorgt daf\u00fcr, dass Sie bequem und konzentriert bleiben.<br><\/p>\n\n<h3 class=\"gb-headline gb-headline-1b7ab751 gb-headline-text\">Freundschaft<\/h3>\n\n<p>Bei Wildmaa wissen wir, dass die Bindungen, die Sie durch Ihr Training kn\u00fcpfen, von unsch\u00e4tzbarem Wert sind. Unsere Rashguards symbolisieren den Geist der Kameradschaft und gegenseitigen Unterst\u00fctzung. Treten Sie einer Community von Gleichgesinnten bei, die Ihre Werte und Ihre Leidenschaft f\u00fcr kontinuierliche Verbesserung und gegenseitigen Respekt teilen. Bei Freundschaft geht es darum, anderen zu helfen und Ratschl\u00e4ge anzunehmen, um weiter voranzukommen und dabei Spa\u00df am Prozess zu haben.<\/p>\n<\/div><div class=\"gb-container gb-container-789dc354\">\n<div class=\"gb-container gb-container-9c7d7a0e\">\n<p class=\"gb-headline gb-headline-54bbea3e gb-headline-text\">Zusammen sind wir st\u00e4rker<\/p>\n\n<h2 class=\"gb-headline gb-headline-46a38d5b gb-headline-text\">Werde Teil unserer community<\/h2>\n<\/div>\n<\/div><div class=\"gb-container gb-container-0ed2b2b8\">\n<p class=\"gb-headline gb-headline-0fc99032 gb-headline-text\">Bei Wildmaa verkaufen wir nicht nur Ausr\u00fcstung; wir bauen eine Community von Gleichgesinnten auf, die sich f\u00fcr das engagieren, was sie tun. Wenn Sie sich f\u00fcr unsere Rashguards entscheiden, t\u00e4tigen Sie nicht nur einen Kauf \u2013 Sie treten einer Community bei, die Ihre Werte teilt und Ihren Weg unterst\u00fctzt.<\/p>\n<\/div><div class=\"gb-container gb-container-e1293334\">\n<div class=\"gb-container gb-container-5b517b10\">\n<p class=\"gb-headline gb-headline-b84aa5ca gb-headline-text\">Unsere Geschichte<\/p>\n\n<h2 class=\"gb-headline gb-headline-41984cc0 gb-headline-text\">Wie Wildmaa entstand<\/h2>\n<\/div>\n<\/div><div class=\"gb-container gb-container-4ed9f366\">\n<p>Die Idee, eine Marke mit starken Werten zu schaffen, entstand aus zwei Hauptmotivationen.<\/p>\n\n<p>Als Liebhaber und begeisterte Praktizierende der Kampfk\u00fcnste glauben die Gr\u00fcnder fest daran, dass Kampfk\u00fcnste Werte in sich tragen, die die Kunst in alle Aspekte des t\u00e4glichen Lebens \u00fcbertragen. Unser Ziel ist es, die Leidenschaft f\u00fcr diese Werte zu entfachen und andere zu einer bewussteren und erf\u00fcllenderen Lebensweise zu f\u00fchren.<\/p>\n\n<p>Wir haben mit Rashguards angefangen, weil sie ein Muss f\u00fcr Kampfk\u00fcnste sind. Sie bieten eine Vielzahl von Vorteilen, wie den Schutz Ihrer Haut vor Reibung, das Warmhalten Ihrer Muskeln durch Kompressionsunterst\u00fctzung und die Ableitung von Schwei\u00df, damit Sie in der Hitze des Gefechts k\u00fchl bleiben. Dar\u00fcber hinaus sind sie robust genug, um den Strapazen des Trainings standzuhalten, und bieten Ihnen dennoch die Flexibilit\u00e4t und Mobilit\u00e4t, die Sie brauchen, um auf der Matte zu dominieren.<\/p>\n<\/div><div class=\"gb-container gb-container-ce4e9a1a\">\n<div class=\"gb-container gb-container-116fdb8e\">\n<p class=\"gb-headline gb-headline-91254bc4 gb-headline-text\">Nutze dein Potenzial <\/p>\n\n<h2 class=\"gb-headline gb-headline-f85e1720 gb-headline-text\">Mit Wildmaa <\/h2>\n<\/div>\n<\/div><div class=\"gb-container gb-container-2b0dedc4\">\n<p class=\"gb-headline gb-headline-53ddccd9 gb-headline-text\">Verbessern Sie Ihr Training, leben Sie Ihre Werte und treten Sie einer Community bei, die Ihnen zur Seite steht. W\u00e4hlen Sie Wildama-Rashguards und erleben Sie den Vorteile von Sportbekleidung mit Haltung:<\/p>\n\n<h3 class=\"gb-headline gb-headline-ee568439 gb-headline-text\">Top Qualit\u00e4t<\/h3>\n\n<p>Unsere Rashguards werden aus Materialien h\u00f6chster Qualit\u00e4t hergestellt, was Haltbarkeit und Komfort gew\u00e4hrleistet.<\/p>\n\n<h3 class=\"gb-headline gb-headline-ea516f36 gb-headline-text\">Wertorientiertes Design<\/h3>\n\n<p>Jedes St\u00fcck wird unter Ber\u00fccksichtigung der Grundwerte Best\u00e4ndigkeit, Respekt, Ausdauer, Anpassungsf\u00e4higkeit und Freundschaft gefertigt.<br><\/p>\n\n<h3 class=\"gb-headline gb-headline-7dea4383 gb-headline-text\">Eine Gemeinschaft<\/h3>\n\n<p>Verbinden Sie sich mit einem Netzwerk leidenschaftlicher Praktizierender und Enthusiasten, die Ihr Engagement f\u00fcr Selbstverbesserung und Exzellenz teilen.<br><\/p>\n\n<p class=\"gb-headline gb-headline-0400cb97 gb-headline-text\">Entdecken Sie noch heute unsere Kollektion und machen Sie den ersten Schritt in Richtung verbesserte Leistung und eine tiefere Verbindung zu Ihrer Praxis.<\/p>\n<\/div>","protected":false},"excerpt":{"rendered":"<p>Wildmaa: Wer wir sind Bei Wildmaa verkaufen wir nicht einfach nur einen Rashguard: Wir bauen eine Community von Gleichgesinnten auf. Wenn Sie sich f\u00fcr unsere Rashguards entscheiden, kaufen Sie nicht einfach nur ein Produkt, Sie treten einer Community bei, die Ihre Werte teilt. Sind Sie ein engagierter Kampfsportler oder ein aktiver Enthusiast, der seine Grenzen &#8230; <a title=\"\u00dcber uns\" class=\"read-more\" href=\"https:\/\/wildmaa.com\/de\/ueber-uns\/\" aria-label=\"Mehr Informationen \u00fcber \u00dcber uns\">Weiterlesen<\/a><\/p>\n","protected":false},"author":1,"featured_media":0,"parent":0,"menu_order":0,"comment_status":"closed","ping_status":"closed","template":"","meta":{"footnotes":""},"class_list":["post-4463","page","type-page","status-publish"],"yoast_head":"<!-- This site is optimized with the Yoast SEO plugin v24.5 - https:\/\/yoast.com\/wordpress\/plugins\/seo\/ -->\n<title>\u00dcber uns - Wildmaa DE<\/title>\n<meta name=\"robots\" content=\"index, follow, max-snippet:-1, max-image-preview:large, max-video-preview:-1\" \/>\n<link rel=\"canonical\" href=\"https:\/\/wildmaa.com\/de\/ueber-uns\/\" \/>\n<meta property=\"og:locale\" content=\"de_DE\" \/>\n<meta property=\"og:type\" content=\"article\" \/>\n<meta property=\"og:title\" content=\"\u00dcber uns - Wildmaa DE\" \/>\n<meta property=\"og:description\" content=\"Wildmaa: Wer wir sind Bei Wildmaa verkaufen wir nicht einfach nur einen Rashguard: Wir bauen eine Community von Gleichgesinnten auf. Wenn Sie sich f\u00fcr unsere Rashguards entscheiden, kaufen Sie nicht einfach nur ein Produkt, Sie treten einer Community bei, die Ihre Werte teilt. Sind Sie ein engagierter Kampfsportler oder ein aktiver Enthusiast, der seine Grenzen ... Weiterlesen\" \/>\n<meta property=\"og:url\" content=\"https:\/\/wildmaa.com\/de\/ueber-uns\/\" \/>\n<meta property=\"og:site_name\" content=\"Wildmaa DE\" \/>\n<meta property=\"article:modified_time\" content=\"2025-09-20T12:33:16+00:00\" \/>\n<meta name=\"twitter:card\" content=\"summary_large_image\" \/>\n<meta name=\"twitter:label1\" content=\"Gesch\u00e4tzte Lesezeit\" \/>\n\t<meta name=\"twitter:data1\" content=\"5\u00a0Minuten\" \/>\n<script type=\"application\/ld+json\" class=\"yoast-schema-graph\">{\"@context\":\"https:\/\/schema.org\",\"@graph\":[{\"@type\":\"WebPage\",\"@id\":\"https:\/\/wildmaa.com\/de\/ueber-uns\/\",\"url\":\"https:\/\/wildmaa.com\/de\/ueber-uns\/\",\"name\":\"\u00dcber uns - Wildmaa DE\",\"isPartOf\":{\"@id\":\"https:\/\/wildmaa.com\/de\/#website\"},\"datePublished\":\"2025-02-12T14:28:15+00:00\",\"dateModified\":\"2025-09-20T12:33:16+00:00\",\"breadcrumb\":{\"@id\":\"https:\/\/wildmaa.com\/de\/ueber-uns\/#breadcrumb\"},\"inLanguage\":\"de\",\"potentialAction\":[{\"@type\":\"ReadAction\",\"target\":[\"https:\/\/wildmaa.com\/de\/ueber-uns\/\"]}]},{\"@type\":\"BreadcrumbList\",\"@id\":\"https:\/\/wildmaa.com\/de\/ueber-uns\/#breadcrumb\",\"itemListElement\":[{\"@type\":\"ListItem\",\"position\":1,\"name\":\"Home\",\"item\":\"https:\/\/wildmaa.com\/de\/\"},{\"@type\":\"ListItem\",\"position\":2,\"name\":\"\u00dcber uns\"}]},{\"@type\":\"WebSite\",\"@id\":\"https:\/\/wildmaa.com\/de\/#website\",\"url\":\"https:\/\/wildmaa.com\/de\/\",\"name\":\"Wildmaa DE\",\"description\":\"Rashguards mit Haltung\",\"publisher\":{\"@id\":\"https:\/\/wildmaa.com\/de\/#organization\"},\"potentialAction\":[{\"@type\":\"SearchAction\",\"target\":{\"@type\":\"EntryPoint\",\"urlTemplate\":\"https:\/\/wildmaa.com\/de\/?s={search_term_string}\"},\"query-input\":{\"@type\":\"PropertyValueSpecification\",\"valueRequired\":true,\"valueName\":\"search_term_string\"}}],\"inLanguage\":\"de\"},{\"@type\":\"Organization\",\"@id\":\"https:\/\/wildmaa.com\/de\/#organization\",\"name\":\"Wildmaa DE\",\"url\":\"https:\/\/wildmaa.com\/de\/\",\"logo\":{\"@type\":\"ImageObject\",\"inLanguage\":\"de\",\"@id\":\"https:\/\/wildmaa.com\/de\/#\/schema\/logo\/image\/\",\"url\":\"https:\/\/wildmaa.com\/de\/wp-content\/uploads\/sites\/2\/2025\/02\/wildmaa_logo_icon_and_name.png\",\"contentUrl\":\"https:\/\/wildmaa.com\/de\/wp-content\/uploads\/sites\/2\/2025\/02\/wildmaa_logo_icon_and_name.png\",\"width\":5786,\"height\":1512,\"caption\":\"Wildmaa DE\"},\"image\":{\"@id\":\"https:\/\/wildmaa.com\/de\/#\/schema\/logo\/image\/\"}}]}<\/script>\n<!-- \/ Yoast SEO plugin. -->","yoast_head_json":{"title":"\u00dcber uns - Wildmaa DE","robots":{"index":"index","follow":"follow","max-snippet":"max-snippet:-1","max-image-preview":"max-image-preview:large","max-video-preview":"max-video-preview:-1"},"canonical":"https:\/\/wildmaa.com\/de\/ueber-uns\/","og_locale":"de_DE","og_type":"article","og_title":"\u00dcber uns - Wildmaa DE","og_description":"Wildmaa: Wer wir sind Bei Wildmaa verkaufen wir nicht einfach nur einen Rashguard: Wir bauen eine Community von Gleichgesinnten auf. Wenn Sie sich f\u00fcr unsere Rashguards entscheiden, kaufen Sie nicht einfach nur ein Produkt, Sie treten einer Community bei, die Ihre Werte teilt. Sind Sie ein engagierter Kampfsportler oder ein aktiver Enthusiast, der seine Grenzen ... Weiterlesen","og_url":"https:\/\/wildmaa.com\/de\/ueber-uns\/","og_site_name":"Wildmaa DE","article_modified_time":"2025-09-20T12:33:16+00:00","twitter_card":"summary_large_image","twitter_misc":{"Gesch\u00e4tzte Lesezeit":"5\u00a0Minuten"},"schema":{"@context":"https:\/\/schema.org","@graph":[{"@type":"WebPage","@id":"https:\/\/wildmaa.com\/de\/ueber-uns\/","url":"https:\/\/wildmaa.com\/de\/ueber-uns\/","name":"\u00dcber uns - Wildmaa DE","isPartOf":{"@id":"https:\/\/wildmaa.com\/de\/#website"},"datePublished":"2025-02-12T14:28:15+00:00","dateModified":"2025-09-20T12:33:16+00:00","breadcrumb":{"@id":"https:\/\/wildmaa.com\/de\/ueber-uns\/#breadcrumb"},"inLanguage":"de","potentialAction":[{"@type":"ReadAction","target":["https:\/\/wildmaa.com\/de\/ueber-uns\/"]}]},{"@type":"BreadcrumbList","@id":"https:\/\/wildmaa.com\/de\/ueber-uns\/#breadcrumb","itemListElement":[{"@type":"ListItem","position":1,"name":"Home","item":"https:\/\/wildmaa.com\/de\/"},{"@type":"ListItem","position":2,"name":"\u00dcber uns"}]},{"@type":"WebSite","@id":"https:\/\/wildmaa.com\/de\/#website","url":"https:\/\/wildmaa.com\/de\/","name":"Wildmaa DE","description":"Rashguards mit Haltung","publisher":{"@id":"https:\/\/wildmaa.com\/de\/#organization"},"potentialAction":[{"@type":"SearchAction","target":{"@type":"EntryPoint","urlTemplate":"https:\/\/wildmaa.com\/de\/?s={search_term_string}"},"query-input":{"@type":"PropertyValueSpecification","valueRequired":true,"valueName":"search_term_string"}}],"inLanguage":"de"},{"@type":"Organization","@id":"https:\/\/wildmaa.com\/de\/#organization","name":"Wildmaa DE","url":"https:\/\/wildmaa.com\/de\/","logo":{"@type":"ImageObject","inLanguage":"de","@id":"https:\/\/wildmaa.com\/de\/#\/schema\/logo\/image\/","url":"https:\/\/wildmaa.com\/de\/wp-content\/uploads\/sites\/2\/2025\/02\/wildmaa_logo_icon_and_name.png","contentUrl":"https:\/\/wildmaa.com\/de\/wp-content\/uploads\/sites\/2\/2025\/02\/wildmaa_logo_icon_and_name.png","width":5786,"height":1512,"caption":"Wildmaa DE"},"image":{"@id":"https:\/\/wildmaa.com\/de\/#\/schema\/logo\/image\/"}}]}},"_links":{"self":[{"href":"https:\/\/wildmaa.com\/de\/wp-json\/wp\/v2\/pages\/4463","targetHints":{"allow":["GET"]}}],"collection":[{"href":"https:\/\/wildmaa.com\/de\/wp-json\/wp\/v2\/pages"}],"about":[{"href":"https:\/\/wildmaa.com\/de\/wp-json\/wp\/v2\/types\/page"}],"author":[{"embeddable":true,"href":"https:\/\/wildmaa.com\/de\/wp-json\/wp\/v2\/users\/1"}],"replies":[{"embeddable":true,"href":"https:\/\/wildmaa.com\/de\/wp-json\/wp\/v2\/comments?post=4463"}],"version-history":[{"count":9,"href":"https:\/\/wildmaa.com\/de\/wp-json\/wp\/v2\/pages\/4463\/revisions"}],"predecessor-version":[{"id":4755,"href":"https:\/\/wildmaa.com\/de\/wp-json\/wp\/v2\/pages\/4463\/revisions\/4755"}],"wp:attachment":[{"href":"https:\/\/wildmaa.com\/de\/wp-json\/wp\/v2\/media?parent=4463"}],"curies":[{"name":"wp","href":"https:\/\/api.w.org\/{rel}","templated":true}]}}